{"id":555,"date":"2023-06-14T22:00:01","date_gmt":"2023-06-15T01:00:01","guid":{"rendered":"https:\/\/lucianatrezza.com.br\/?page_id=555"},"modified":"2023-06-14T22:25:30","modified_gmt":"2023-06-15T01:25:30","slug":"atuacao","status":"publish","type":"page","link":"https:\/\/lucianatrezza.com.br\/index.php\/atuacao\/","title":{"rendered":"Atua\u00e7\u00e3o"},"content":{"rendered":"\t\t<div data-elementor-type=\"wp-page\" data-elementor-id=\"555\" class=\"elementor elementor-555\">\n\t\t\t\t\t\t<section class=\"elementor-section elementor-top-section elementor-element elementor-element-d65a542 elementor-section-boxed elementor-section-height-default elementor-section-height-default\" data-id=\"d65a542\" data-element_type=\"section\" data-e-type=\"section\">\n\t\t\t\t\t\t<div class=\"elementor-container elementor-column-gap-default\">\n\t\t\t\t\t<div class=\"elementor-column elementor-col-100 elementor-top-column elementor-element elementor-element-42de5b1\" data-id=\"42de5b1\" data-element_type=\"column\" data-e-type=\"column\">\n\t\t\t<div class=\"elementor-widget-wrap elementor-element-populated\">\n\t\t\t\t\t\t<div class=\"elementor-element elementor-element-6555fd4 elementor-invisible elementor-widget elementor-widget-heading\" data-id=\"6555fd4\" data-element_type=\"widget\" data-e-type=\"widget\" data-settings=\"{&quot;_animation&quot;:&quot;fadeIn&quot;}\" data-widget_type=\"heading.default\">\n\t\t\t\t<div class=\"elementor-widget-container\">\n\t\t\t\t\t<h1 class=\"elementor-heading-title elementor-size-default\">Direito Imobili\u00e1rio<\/h1>\t\t\t\t<\/div>\n\t\t\t\t<\/div>\n\t\t\t\t\t<\/div>\n\t\t<\/div>\n\t\t\t\t\t<\/div>\n\t\t<\/section>\n\t\t\t\t<section class=\"elementor-section elementor-top-section elementor-element elementor-element-bd33001 elementor-section-boxed elementor-section-height-default elementor-section-height-default elementor-invisible\" data-id=\"bd33001\" data-element_type=\"section\" data-e-type=\"section\" data-settings=\"{&quot;animation&quot;:&quot;fadeIn&quot;}\">\n\t\t\t\t\t\t<div class=\"elementor-container elementor-column-gap-default\">\n\t\t\t\t\t<div class=\"elementor-column elementor-col-33 elementor-top-column elementor-element elementor-element-a3c45aa\" data-id=\"a3c45aa\" data-element_type=\"column\" data-e-type=\"column\">\n\t\t\t<div class=\"elementor-widget-wrap elementor-element-populated\">\n\t\t\t\t\t\t<div class=\"elementor-element elementor-element-a9f49f8 elementor-widget elementor-widget-text-editor\" data-id=\"a9f49f8\" data-element_type=\"widget\" data-e-type=\"widget\" data-widget_type=\"text-editor.default\">\n\t\t\t\t<div class=\"elementor-widget-container\">\n\t\t\t\t\t\t\t\t\t<p>Seja buscando uma regulariza\u00e7\u00e3o de im\u00f3vel ou qualquer outro servi\u00e7o no direito imobili\u00e1rio, \u00e9 necess\u00e1rio agendar uma An\u00e1lise de Viabilidade, pois s\u00f3 analisando toda a documenta\u00e7\u00e3o poderemos identificar qual procedimento ser\u00e1 mais adequado para atender \u00e0s suas necessidades espec\u00edficas.<\/p><ul><li>An\u00e1lise de Riscos nas Transa\u00e7\u00f5es Imobili\u00e1rias (&#8220;due diligence&#8221; imobili\u00e1ria)<\/li><li>Assessoria Jur\u00eddica para Aquisi\u00e7\u00e3o de Im\u00f3veis em Leil\u00e3o<\/li><li>Contratos Imobili\u00e1rios (Compra e Venda; Consultoria para imobili\u00e1rias e corretores; Loca\u00e7\u00f5es; Despejo; Rescis\u00e3o Contratual e Restitui\u00e7\u00e3o de Valores Pagos; etc)<\/li><li>Assessoria na elabora\u00e7\u00e3o de Escrituras P\u00fablicas e junto aos Cart\u00f3rios de Registro de Im\u00f3veis<\/li><li>Regulariza\u00e7\u00e3o de im\u00f3veis (REURB; Adjudica\u00e7\u00e3o compuls\u00f3ria; Usucapi\u00e3o; Retifica\u00e7\u00e3o de \u00e1rea; Desmembramento; Loteamentos; Retifica\u00e7\u00e3o de Registro Im\u00f3bili\u00e1rio; Averba\u00e7\u00e3o de Constru\u00e7\u00f5es; A\u00e7\u00f5es possess\u00f3rias; etc)<\/li><li>Assessoria em Financiamento Imobili\u00e1rio<\/li><li>Assessoria para Incorpora\u00e7\u00f5es Imobili\u00e1rias<\/li><li>entre outras<\/li><\/ul>\t\t\t\t\t\t\t\t<\/div>\n\t\t\t\t<\/div>\n\t\t\t\t\t<\/div>\n\t\t<\/div>\n\t\t\t\t<div class=\"elementor-column elementor-col-66 elementor-top-column elementor-element elementor-element-88e8770\" data-id=\"88e8770\" data-element_type=\"column\" data-e-type=\"column\">\n\t\t\t<div class=\"elementor-widget-wrap elementor-element-populated\">\n\t\t\t\t\t\t<div class=\"elementor-element elementor-element-31ed430 elementor-widget elementor-widget-image\" data-id=\"31ed430\" data-element_type=\"widget\" data-e-type=\"widget\" data-widget_type=\"image.default\">\n\t\t\t\t<div class=\"elementor-widget-container\">\n\t\t\t\t\t\t\t\t\t\t\t\t\t\t\t<img fetchpriority=\"high\" decoding=\"async\" width=\"685\" height=\"705\" src=\"https:\/\/lucianatrezza.com.br\/wp-content\/uploads\/2023\/06\/imagem_2023-06-14_213921898.png\" class=\"attachment-2048x2048 size-2048x2048 wp-image-558\" alt=\"\" srcset=\"https:\/\/lucianatrezza.com.br\/wp-content\/uploads\/2023\/06\/imagem_2023-06-14_213921898.png 685w, https:\/\/lucianatrezza.com.br\/wp-content\/uploads\/2023\/06\/imagem_2023-06-14_213921898-291x300.png 291w\" sizes=\"(max-width: 685px) 100vw, 685px\" \/>\t\t\t\t\t\t\t\t\t\t\t\t\t\t\t<\/div>\n\t\t\t\t<\/div>\n\t\t\t\t\t<\/div>\n\t\t<\/div>\n\t\t\t\t\t<\/div>\n\t\t<\/section>\n\t\t\t\t<section class=\"elementor-section elementor-top-section elementor-element elementor-element-75b1c8a elementor-section-boxed elementor-section-height-default elementor-section-height-default\" data-id=\"75b1c8a\" data-element_type=\"section\" data-e-type=\"section\" data-settings=\"{&quot;background_background&quot;:&quot;classic&quot;}\">\n\t\t\t\t\t\t<div class=\"elementor-container elementor-column-gap-default\">\n\t\t\t\t\t<div class=\"elementor-column elementor-col-100 elementor-top-column elementor-element elementor-element-41a979d\" data-id=\"41a979d\" data-element_type=\"column\" data-e-type=\"column\">\n\t\t\t<div class=\"elementor-widget-wrap elementor-element-populated\">\n\t\t\t\t\t\t<div class=\"elementor-element elementor-element-3863a41 elementor-invisible elementor-widget elementor-widget-heading\" data-id=\"3863a41\" data-element_type=\"widget\" data-e-type=\"widget\" data-settings=\"{&quot;_animation&quot;:&quot;fadeIn&quot;}\" data-widget_type=\"heading.default\">\n\t\t\t\t<div class=\"elementor-widget-container\">\n\t\t\t\t\t<h1 class=\"elementor-heading-title elementor-size-default\">Direito das Sucess\u00f5es<\/h1>\t\t\t\t<\/div>\n\t\t\t\t<\/div>\n\t\t\t\t\t<\/div>\n\t\t<\/div>\n\t\t\t\t\t<\/div>\n\t\t<\/section>\n\t\t\t\t<section class=\"elementor-section elementor-top-section elementor-element elementor-element-5b03cf6 elementor-section-boxed elementor-section-height-default elementor-section-height-default\" data-id=\"5b03cf6\" data-element_type=\"section\" data-e-type=\"section\" data-settings=\"{&quot;background_background&quot;:&quot;classic&quot;}\">\n\t\t\t\t\t\t<div class=\"elementor-container elementor-column-gap-default\">\n\t\t\t\t\t<div class=\"elementor-column elementor-col-33 elementor-top-column elementor-element elementor-element-9c2a658 elementor-invisible\" data-id=\"9c2a658\" data-element_type=\"column\" data-e-type=\"column\" data-settings=\"{&quot;animation&quot;:&quot;fadeIn&quot;}\">\n\t\t\t<div class=\"elementor-widget-wrap elementor-element-populated\">\n\t\t\t\t\t\t<div class=\"elementor-element elementor-element-9aefaf1 elementor-widget elementor-widget-image\" data-id=\"9aefaf1\" data-element_type=\"widget\" data-e-type=\"widget\" data-widget_type=\"image.default\">\n\t\t\t\t<div class=\"elementor-widget-container\">\n\t\t\t\t\t\t\t\t\t\t\t\t\t\t\t<img decoding=\"async\" width=\"757\" height=\"738\" src=\"https:\/\/lucianatrezza.com.br\/wp-content\/uploads\/2023\/06\/imagem_2023-06-14_215053834.png\" class=\"attachment-2048x2048 size-2048x2048 wp-image-561\" alt=\"\" srcset=\"https:\/\/lucianatrezza.com.br\/wp-content\/uploads\/2023\/06\/imagem_2023-06-14_215053834.png 757w, https:\/\/lucianatrezza.com.br\/wp-content\/uploads\/2023\/06\/imagem_2023-06-14_215053834-300x292.png 300w\" sizes=\"(max-width: 757px) 100vw, 757px\" \/>\t\t\t\t\t\t\t\t\t\t\t\t\t\t\t<\/div>\n\t\t\t\t<\/div>\n\t\t\t\t\t<\/div>\n\t\t<\/div>\n\t\t\t\t<div class=\"elementor-column elementor-col-66 elementor-top-column elementor-element elementor-element-c991491 elementor-invisible\" data-id=\"c991491\" data-element_type=\"column\" data-e-type=\"column\" data-settings=\"{&quot;animation&quot;:&quot;fadeIn&quot;}\">\n\t\t\t<div class=\"elementor-widget-wrap elementor-element-populated\">\n\t\t\t\t\t\t<div class=\"elementor-element elementor-element-dc2ff23 elementor-widget elementor-widget-text-editor\" data-id=\"dc2ff23\" data-element_type=\"widget\" data-e-type=\"widget\" data-widget_type=\"text-editor.default\">\n\t\t\t\t<div class=\"elementor-widget-container\">\n\t\t\t\t\t\t\t\t\t<p style=\"box-sizing: border-box; font-size: 16px; font-style: normal; font-weight: 400; margin-bottom: 1.6em; font-family: Helvetica, sans-serif;\">Nos dias atuais, o Planejamento Sucess\u00f3rio pode garantir uma redu\u00e7\u00e3o importante nos custos para aos herdeiros. Al\u00e9m disso, o Testamento e a DAV (Diretiva Antecipada de Vontade), tamb\u00e9m s\u00e3o op\u00e7\u00f5es para garantir a vontade do indiv\u00edduo. Entretanto, quando algu\u00e9m falece e n\u00e3o planejou, h\u00e1 a necessidade de levantar e dividir os direitos e obriga\u00e7\u00f5es deixados, atrav\u00e9s do Invent\u00e1rio. Este procedimento pode ser muito complexo e muito mais custoso, al\u00e9m de demorado, se n\u00e3o for conduzido por um profissional especializado e competente.<\/p>\n\n<ul style=\"box-sizing: border-box; font-size: 16px; font-style: normal; font-weight: 400; margin: revert; padding: revert;  font-family: Helvetica, sans-serif;\">\n \t<li style=\"box-sizing: border-box; font-size: 16px;\">Planejamento Sucess\u00f3rio<\/li>\n \t<li style=\"box-sizing: border-box; font-size: 16px;\">Invent\u00e1rio Extrajudicial<\/li>\n \t<li style=\"box-sizing: border-box; font-size: 16px;\">Assessoria na elabora\u00e7\u00e3o de Testamentos<\/li>\n \t<li style=\"box-sizing: border-box; font-size: 16px;\">Assessoria na elabora\u00e7\u00e3o de DAV (Diretiva Antecipada de Vontade)<\/li>\n \t<li>Assessoria para doa\u00e7\u00e3o de bens<\/li>\n \t<li>Sobrepartilha de bens<\/li>\n \t<li>entre outras<\/li>\n<\/ul>\t\t\t\t\t\t\t\t<\/div>\n\t\t\t\t<\/div>\n\t\t\t\t\t<\/div>\n\t\t<\/div>\n\t\t\t\t\t<\/div>\n\t\t<\/section>\n\t\t\t\t<section class=\"elementor-section elementor-top-section elementor-element elementor-element-56ee2af elementor-section-boxed elementor-section-height-default elementor-section-height-default\" data-id=\"56ee2af\" data-element_type=\"section\" data-e-type=\"section\">\n\t\t\t\t\t\t<div class=\"elementor-container elementor-column-gap-default\">\n\t\t\t\t\t<div class=\"elementor-column elementor-col-100 elementor-top-column elementor-element elementor-element-2e995f3\" data-id=\"2e995f3\" data-element_type=\"column\" data-e-type=\"column\">\n\t\t\t<div class=\"elementor-widget-wrap elementor-element-populated\">\n\t\t\t\t\t\t<div class=\"elementor-element elementor-element-87c3fff elementor-invisible elementor-widget elementor-widget-heading\" data-id=\"87c3fff\" data-element_type=\"widget\" data-e-type=\"widget\" data-settings=\"{&quot;_animation&quot;:&quot;fadeIn&quot;}\" data-widget_type=\"heading.default\">\n\t\t\t\t<div class=\"elementor-widget-container\">\n\t\t\t\t\t<h1 class=\"elementor-heading-title elementor-size-default\">Direito Empresarial<\/h1>\t\t\t\t<\/div>\n\t\t\t\t<\/div>\n\t\t\t\t\t<\/div>\n\t\t<\/div>\n\t\t\t\t\t<\/div>\n\t\t<\/section>\n\t\t\t\t<section class=\"elementor-section elementor-top-section elementor-element elementor-element-d574923 elementor-section-boxed elementor-section-height-default elementor-section-height-default elementor-invisible\" data-id=\"d574923\" data-element_type=\"section\" data-e-type=\"section\" data-settings=\"{&quot;animation&quot;:&quot;fadeIn&quot;}\">\n\t\t\t\t\t\t<div class=\"elementor-container elementor-column-gap-default\">\n\t\t\t\t\t<div class=\"elementor-column elementor-col-33 elementor-top-column elementor-element elementor-element-203701c\" data-id=\"203701c\" data-element_type=\"column\" data-e-type=\"column\">\n\t\t\t<div class=\"elementor-widget-wrap elementor-element-populated\">\n\t\t\t\t\t\t<div class=\"elementor-element elementor-element-a4b734a elementor-widget elementor-widget-text-editor\" data-id=\"a4b734a\" data-element_type=\"widget\" data-e-type=\"widget\" data-widget_type=\"text-editor.default\">\n\t\t\t\t<div class=\"elementor-widget-container\">\n\t\t\t\t\t\t\t\t\t<p>Respaldo jur\u00eddico e uma boa gest\u00e3o, s\u00e3o fundamentais para a sa\u00fade da empresa.<\/p><ul><li>Contratos Sociais<\/li><li>Abertura e Fechamento de Empresas<\/li><li>Execu\u00e7\u00f5es<\/li><li>Recupera\u00e7\u00e3o Extrajudicial<\/li><li>Negocia\u00e7\u00e3o de D\u00e9bitos e Tributos<\/li><li>Media\u00e7\u00e3o em Empresas Familiares<\/li><li>entre outras<\/li><\/ul>\t\t\t\t\t\t\t\t<\/div>\n\t\t\t\t<\/div>\n\t\t\t\t\t<\/div>\n\t\t<\/div>\n\t\t\t\t<div class=\"elementor-column elementor-col-66 elementor-top-column elementor-element elementor-element-48642f9\" data-id=\"48642f9\" data-element_type=\"column\" data-e-type=\"column\">\n\t\t\t<div class=\"elementor-widget-wrap elementor-element-populated\">\n\t\t\t\t\t\t<div class=\"elementor-element elementor-element-33effdb elementor-widget elementor-widget-image\" data-id=\"33effdb\" data-element_type=\"widget\" data-e-type=\"widget\" data-widget_type=\"image.default\">\n\t\t\t\t<div class=\"elementor-widget-container\">\n\t\t\t\t\t\t\t\t\t\t\t\t\t\t\t<img decoding=\"async\" width=\"1125\" height=\"750\" src=\"https:\/\/lucianatrezza.com.br\/wp-content\/uploads\/2023\/06\/imagem_2023-06-14_215848011.png\" class=\"attachment-2048x2048 size-2048x2048 wp-image-562\" alt=\"\" srcset=\"https:\/\/lucianatrezza.com.br\/wp-content\/uploads\/2023\/06\/imagem_2023-06-14_215848011.png 1125w, https:\/\/lucianatrezza.com.br\/wp-content\/uploads\/2023\/06\/imagem_2023-06-14_215848011-300x200.png 300w, https:\/\/lucianatrezza.com.br\/wp-content\/uploads\/2023\/06\/imagem_2023-06-14_215848011-1024x683.png 1024w, https:\/\/lucianatrezza.com.br\/wp-content\/uploads\/2023\/06\/imagem_2023-06-14_215848011-768x512.png 768w\" sizes=\"(max-width: 1125px) 100vw, 1125px\" \/>\t\t\t\t\t\t\t\t\t\t\t\t\t\t\t<\/div>\n\t\t\t\t<\/div>\n\t\t\t\t\t<\/div>\n\t\t<\/div>\n\t\t\t\t\t<\/div>\n\t\t<\/section>\n\t\t\t\t<\/div>\n\t\t","protected":false},"excerpt":{"rendered":"<p>Direito Imobili\u00e1rio Seja buscando uma regulariza\u00e7\u00e3o de im\u00f3vel ou qualquer outro servi\u00e7o no direito imobili\u00e1rio, \u00e9 necess\u00e1rio agendar uma An\u00e1lise de Viabilidade, pois s\u00f3 analisando toda a documenta\u00e7\u00e3o poderemos identificar qual procedimento ser\u00e1 mais adequado para atender \u00e0s suas necessidades espec\u00edficas. An\u00e1lise de Riscos nas Transa\u00e7\u00f5es Imobili\u00e1rias (&#8220;due diligence&#8221; imobili\u00e1ria) Assessoria Jur\u00eddica para Aquisi\u00e7\u00e3o de [&hellip;]<\/p>\n","protected":false},"author":1,"featured_media":0,"parent":0,"menu_order":0,"comment_status":"closed","ping_status":"closed","template":"","meta":{"site-sidebar-layout":"no-sidebar","site-content-layout":"page-builder","ast-site-content-layout":"default","site-content-style":"default","site-sidebar-style":"default","ast-global-header-display":"","ast-banner-title-visibility":"","ast-main-header-display":"","ast-hfb-above-header-display":"","ast-hfb-below-header-display":"","ast-hfb-mobile-header-display":"","site-post-title":"disabled","ast-breadcrumbs-content":"","ast-featured-img":"disabled","footer-sml-layout":"","ast-disable-related-posts":"","theme-transparent-header-meta":"","adv-header-id-meta":"","stick-header-meta":"","header-above-stick-meta":"","header-main-stick-meta":"","header-below-stick-meta":"","astra-migrate-meta-layouts":"default","ast-page-background-enabled":"default","ast-page-background-meta":{"desktop":{"background-color":"var(--ast-global-color-4)","background-image":"","background-repeat":"repeat","background-position":"center center","background-size":"auto","background-attachment":"scroll","background-type":"","background-media":"","overlay-type":"","overlay-color":"","overlay-opacity":"","overlay-gradient":""},"tablet":{"background-color":"","background-image":"","background-repeat":"repeat","background-position":"center center","background-size":"auto","background-attachment":"scroll","background-type":"","background-media":"","overlay-type":"","overlay-color":"","overlay-opacity":"","overlay-gradient":""},"mobile":{"background-color":"","background-image":"","background-repeat":"repeat","background-position":"center center","background-size":"auto","background-attachment":"scroll","background-type":"","background-media":"","overlay-type":"","overlay-color":"","overlay-opacity":"","overlay-gradient":""}},"ast-content-background-meta":{"desktop":{"background-color":"var(--ast-global-color-5)","background-image":"","background-repeat":"repeat","background-position":"center center","background-size":"auto","background-attachment":"scroll","background-type":"","background-media":"","overlay-type":"","overlay-color":"","overlay-opacity":"","overlay-gradient":""},"tablet":{"background-color":"var(--ast-global-color-5)","background-image":"","background-repeat":"repeat","background-position":"center center","background-size":"auto","background-attachment":"scroll","background-type":"","background-media":"","overlay-type":"","overlay-color":"","overlay-opacity":"","overlay-gradient":""},"mobile":{"background-color":"var(--ast-global-color-5)","background-image":"","background-repeat":"repeat","background-position":"center center","background-size":"auto","background-attachment":"scroll","background-type":"","background-media":"","overlay-type":"","overlay-color":"","overlay-opacity":"","overlay-gradient":""}},"footnotes":""},"class_list":["post-555","page","type-page","status-publish","hentry"],"_links":{"self":[{"href":"https:\/\/lucianatrezza.com.br\/index.php\/wp-json\/wp\/v2\/pages\/555","targetHints":{"allow":["GET"]}}],"collection":[{"href":"https:\/\/lucianatrezza.com.br\/index.php\/wp-json\/wp\/v2\/pages"}],"about":[{"href":"https:\/\/lucianatrezza.com.br\/index.php\/wp-json\/wp\/v2\/types\/page"}],"author":[{"embeddable":true,"href":"https:\/\/lucianatrezza.com.br\/index.php\/wp-json\/wp\/v2\/users\/1"}],"replies":[{"embeddable":true,"href":"https:\/\/lucianatrezza.com.br\/index.php\/wp-json\/wp\/v2\/comments?post=555"}],"version-history":[{"count":0,"href":"https:\/\/lucianatrezza.com.br\/index.php\/wp-json\/wp\/v2\/pages\/555\/revisions"}],"wp:attachment":[{"href":"https:\/\/lucianatrezza.com.br\/index.php\/wp-json\/wp\/v2\/media?parent=555"}],"curies":[{"name":"wp","href":"https:\/\/api.w.org\/{rel}","templated":true}]}}