{"id":622,"date":"2023-06-15T01:03:16","date_gmt":"2023-06-15T04:03:16","guid":{"rendered":"https:\/\/lucianatrezza.com.br\/?page_id=622"},"modified":"2026-04-22T13:49:17","modified_gmt":"2026-04-22T16:49:17","slug":"publicacoes","status":"publish","type":"page","link":"https:\/\/lucianatrezza.com.br\/index.php\/publicacoes\/","title":{"rendered":"Publica\u00e7\u00f5es"},"content":{"rendered":"\t\t<div data-elementor-type=\"wp-page\" data-elementor-id=\"622\" class=\"elementor elementor-622\">\n\t\t\t\t\t\t<section class=\"elementor-section elementor-top-section elementor-element elementor-element-ef808b9 elementor-section-boxed elementor-section-height-default elementor-section-height-default\" data-id=\"ef808b9\" data-element_type=\"section\" data-e-type=\"section\">\n\t\t\t\t\t\t<div class=\"elementor-container elementor-column-gap-default\">\n\t\t\t\t\t<div class=\"elementor-column elementor-col-100 elementor-top-column elementor-element elementor-element-396b295\" data-id=\"396b295\" data-element_type=\"column\" data-e-type=\"column\">\n\t\t\t<div class=\"elementor-widget-wrap elementor-element-populated\">\n\t\t\t\t\t\t<div class=\"elementor-element elementor-element-c3d3d82 elementor-invisible elementor-widget elementor-widget-heading\" data-id=\"c3d3d82\" data-element_type=\"widget\" data-e-type=\"widget\" data-settings=\"{&quot;_animation&quot;:&quot;fadeIn&quot;}\" data-widget_type=\"heading.default\">\n\t\t\t\t<div class=\"elementor-widget-container\">\n\t\t\t\t\t<h1 class=\"elementor-heading-title elementor-size-default\">Publica\u00e7\u00f5es<\/h1>\t\t\t\t<\/div>\n\t\t\t\t<\/div>\n\t\t\t\t\t<\/div>\n\t\t<\/div>\n\t\t\t\t\t<\/div>\n\t\t<\/section>\n\t\t\t\t<section class=\"elementor-section elementor-top-section elementor-element elementor-element-f778340 elementor-section-boxed elementor-section-height-default elementor-section-height-default\" data-id=\"f778340\" data-element_type=\"section\" data-e-type=\"section\">\n\t\t\t\t\t\t<div class=\"elementor-container elementor-column-gap-default\">\n\t\t\t\t\t<div class=\"elementor-column elementor-col-100 elementor-top-column elementor-element elementor-element-b1802e4\" data-id=\"b1802e4\" data-element_type=\"column\" data-e-type=\"column\">\n\t\t\t<div class=\"elementor-widget-wrap elementor-element-populated\">\n\t\t\t\t\t\t<div class=\"elementor-element elementor-element-441658c elementor-grid-3 elementor-grid-tablet-2 elementor-grid-mobile-1 elementor-posts--thumbnail-top elementor-widget elementor-widget-posts\" data-id=\"441658c\" data-element_type=\"widget\" data-e-type=\"widget\" data-settings=\"{&quot;classic_columns&quot;:&quot;3&quot;,&quot;classic_columns_tablet&quot;:&quot;2&quot;,&quot;classic_columns_mobile&quot;:&quot;1&quot;,&quot;classic_row_gap&quot;:{&quot;unit&quot;:&quot;px&quot;,&quot;size&quot;:35,&quot;sizes&quot;:[]},&quot;classic_row_gap_tablet&quot;:{&quot;unit&quot;:&quot;px&quot;,&quot;size&quot;:&quot;&quot;,&quot;sizes&quot;:[]},&quot;classic_row_gap_mobile&quot;:{&quot;unit&quot;:&quot;px&quot;,&quot;size&quot;:&quot;&quot;,&quot;sizes&quot;:[]}}\" data-widget_type=\"posts.classic\">\n\t\t\t\t<div class=\"elementor-widget-container\">\n\t\t\t\t\t\t\t<div class=\"elementor-posts-container elementor-posts elementor-posts--skin-classic elementor-grid\">\n\t\t\t\t<article class=\"elementor-post elementor-grid-item post-849 post type-post status-publish format-standard has-post-thumbnail hentry category-analise-de-risco category-direito-imobiliario\">\n\t\t\t\t<a class=\"elementor-post__thumbnail__link\" href=\"https:\/\/lucianatrezza.com.br\/index.php\/2026\/04\/09\/nunca-e-demais-lembrar-so-e-dono-quem-registra\/\" >\n\t\t\t<div class=\"elementor-post__thumbnail\"><img fetchpriority=\"high\" decoding=\"async\" width=\"300\" height=\"200\" src=\"https:\/\/lucianatrezza.com.br\/wp-content\/uploads\/2026\/04\/ged56b5fb6bc83d0ff778d09991c1d67e4c6be9e04da11a629ffc1ad6ec4ec53320ab501cf0e02ec445eb03abb5abaa6cc23f1f382ee16f90010d2478911fe093_1280-6598540-300x200.jpg\" class=\"attachment-medium size-medium wp-image-899\" alt=\"signing, paper, document, stamp, deal, hands, document, deal, deal, deal, deal, deal\" srcset=\"https:\/\/lucianatrezza.com.br\/wp-content\/uploads\/2026\/04\/ged56b5fb6bc83d0ff778d09991c1d67e4c6be9e04da11a629ffc1ad6ec4ec53320ab501cf0e02ec445eb03abb5abaa6cc23f1f382ee16f90010d2478911fe093_1280-6598540-300x200.jpg 300w, https:\/\/lucianatrezza.com.br\/wp-content\/uploads\/2026\/04\/ged56b5fb6bc83d0ff778d09991c1d67e4c6be9e04da11a629ffc1ad6ec4ec53320ab501cf0e02ec445eb03abb5abaa6cc23f1f382ee16f90010d2478911fe093_1280-6598540-1024x682.jpg 1024w, https:\/\/lucianatrezza.com.br\/wp-content\/uploads\/2026\/04\/ged56b5fb6bc83d0ff778d09991c1d67e4c6be9e04da11a629ffc1ad6ec4ec53320ab501cf0e02ec445eb03abb5abaa6cc23f1f382ee16f90010d2478911fe093_1280-6598540-768x512.jpg 768w, https:\/\/lucianatrezza.com.br\/wp-content\/uploads\/2026\/04\/ged56b5fb6bc83d0ff778d09991c1d67e4c6be9e04da11a629ffc1ad6ec4ec53320ab501cf0e02ec445eb03abb5abaa6cc23f1f382ee16f90010d2478911fe093_1280-6598540.jpg 1280w\" sizes=\"(max-width: 300px) 100vw, 300px\" \/><\/div>\n\t\t<\/a>\n\t\t\t\t<div class=\"elementor-post__text\">\n\t\t\t\t<h3 class=\"elementor-post__title\">\n\t\t\t<a href=\"https:\/\/lucianatrezza.com.br\/index.php\/2026\/04\/09\/nunca-e-demais-lembrar-so-e-dono-quem-registra\/\" >\n\t\t\t\tNunca \u00e9 demais lembrar: S\u00f3 \u00e9 dono quem REGISTRA!!!\t\t\t<\/a>\n\t\t<\/h3>\n\t\t\t\t<div class=\"elementor-post__excerpt\">\n\t\t\t<p>O \u00fanico documento que garante que o im\u00f3vel \u00e9 realmente seu \u00e9 o registro na Matr\u00edcula. Seja na compra, na venda ou na heran\u00e7a, a lei \u00e9 clara: \u274c Contrato de gaveta? N\u00e3o vale.\u274c Acordo<\/p>\n\t\t<\/div>\n\t\t\n\t\t<a class=\"elementor-post__read-more\" href=\"https:\/\/lucianatrezza.com.br\/index.php\/2026\/04\/09\/nunca-e-demais-lembrar-so-e-dono-quem-registra\/\" aria-label=\"Read more about Nunca \u00e9 demais lembrar: S\u00f3 \u00e9 dono quem REGISTRA!!!\" >\n\t\t\tLer mais \u00bb\t\t<\/a>\n\n\t\t\t\t<\/div>\n\t\t\t\t<\/article>\n\t\t\t\t<article class=\"elementor-post elementor-grid-item post-824 post type-post status-publish format-standard has-post-thumbnail hentry category-analise-de-risco category-direito-imobiliario\">\n\t\t\t\t<a class=\"elementor-post__thumbnail__link\" href=\"https:\/\/lucianatrezza.com.br\/index.php\/2026\/04\/07\/5-coisas-que-nao-te-contaram-sobre-o-mercado-imobiliario-brasileiro\/\" >\n\t\t\t<div class=\"elementor-post__thumbnail\"><img decoding=\"async\" width=\"300\" height=\"200\" src=\"https:\/\/lucianatrezza.com.br\/wp-content\/uploads\/2026\/04\/Avenida-Paulista-Drone-300x200.png\" class=\"attachment-medium size-medium wp-image-887\" alt=\"\" srcset=\"https:\/\/lucianatrezza.com.br\/wp-content\/uploads\/2026\/04\/Avenida-Paulista-Drone-300x200.png 300w, https:\/\/lucianatrezza.com.br\/wp-content\/uploads\/2026\/04\/Avenida-Paulista-Drone-1024x683.png 1024w, https:\/\/lucianatrezza.com.br\/wp-content\/uploads\/2026\/04\/Avenida-Paulista-Drone-768x512.png 768w, https:\/\/lucianatrezza.com.br\/wp-content\/uploads\/2026\/04\/Avenida-Paulista-Drone.png 1200w\" sizes=\"(max-width: 300px) 100vw, 300px\" \/><\/div>\n\t\t<\/a>\n\t\t\t\t<div class=\"elementor-post__text\">\n\t\t\t\t<h3 class=\"elementor-post__title\">\n\t\t\t<a href=\"https:\/\/lucianatrezza.com.br\/index.php\/2026\/04\/07\/5-coisas-que-nao-te-contaram-sobre-o-mercado-imobiliario-brasileiro\/\" >\n\t\t\t\t5 coisas que n\u00e3o te contaram sobre o mercado imobili\u00e1rio brasileiro\t\t\t<\/a>\n\t\t<\/h3>\n\t\t\t\t<div class=\"elementor-post__excerpt\">\n\t\t\t<p>1 &#8211; Quase 1 em cada 3 im\u00f3veis no Brasil est\u00e1 irregular.Segundo o IBGE e a Funda\u00e7\u00e3o Jo\u00e3o Pinheiro, mais de 30% dos im\u00f3veis brasileiros n\u00e3o tem escritura ou registro em cart\u00f3rio. Isso compromete o<\/p>\n\t\t<\/div>\n\t\t\n\t\t<a class=\"elementor-post__read-more\" href=\"https:\/\/lucianatrezza.com.br\/index.php\/2026\/04\/07\/5-coisas-que-nao-te-contaram-sobre-o-mercado-imobiliario-brasileiro\/\" aria-label=\"Read more about 5 coisas que n\u00e3o te contaram sobre o mercado imobili\u00e1rio brasileiro\" >\n\t\t\tLer mais \u00bb\t\t<\/a>\n\n\t\t\t\t<\/div>\n\t\t\t\t<\/article>\n\t\t\t\t<article class=\"elementor-post elementor-grid-item post-736 post type-post status-publish format-standard has-post-thumbnail hentry category-nao-caia-em-golpes\">\n\t\t\t\t<a class=\"elementor-post__thumbnail__link\" href=\"https:\/\/lucianatrezza.com.br\/index.php\/2026\/01\/26\/golpe-do-falso-advogado-nao-caia-nessa\/\" >\n\t\t\t<div class=\"elementor-post__thumbnail\"><img decoding=\"async\" width=\"300\" height=\"200\" src=\"https:\/\/lucianatrezza.com.br\/wp-content\/uploads\/2026\/01\/Golpe-do-falso-advogado-300x200.png\" class=\"attachment-medium size-medium wp-image-884\" alt=\"\" srcset=\"https:\/\/lucianatrezza.com.br\/wp-content\/uploads\/2026\/01\/Golpe-do-falso-advogado-300x200.png 300w, https:\/\/lucianatrezza.com.br\/wp-content\/uploads\/2026\/01\/Golpe-do-falso-advogado-1024x683.png 1024w, https:\/\/lucianatrezza.com.br\/wp-content\/uploads\/2026\/01\/Golpe-do-falso-advogado-768x512.png 768w, https:\/\/lucianatrezza.com.br\/wp-content\/uploads\/2026\/01\/Golpe-do-falso-advogado.png 1200w\" sizes=\"(max-width: 300px) 100vw, 300px\" \/><\/div>\n\t\t<\/a>\n\t\t\t\t<div class=\"elementor-post__text\">\n\t\t\t\t<h3 class=\"elementor-post__title\">\n\t\t\t<a href=\"https:\/\/lucianatrezza.com.br\/index.php\/2026\/01\/26\/golpe-do-falso-advogado-nao-caia-nessa\/\" >\n\t\t\t\tGolpe do Falso Advogado &#8211; n\u00e3o caia nessa !!!\t\t\t<\/a>\n\t\t<\/h3>\n\t\t\t\t<div class=\"elementor-post__excerpt\">\n\t\t\t<p>Como se proteger e evitar golpes? Preven\u00e7\u00e3o tecnol\u00f3gica: O golpe do falso advogado tem feito v\u00edtimas em todo o pa\u00eds. Antes de realizar qualquer pagamento, verifique a identidade do profissional no ConfirmADV: \ud83d\udd17https:\/\/confirmadv.oab.org.br\/ \ud83d\udea8 J\u00e1<\/p>\n\t\t<\/div>\n\t\t\n\t\t<a class=\"elementor-post__read-more\" href=\"https:\/\/lucianatrezza.com.br\/index.php\/2026\/01\/26\/golpe-do-falso-advogado-nao-caia-nessa\/\" aria-label=\"Read more about Golpe do Falso Advogado &#8211; n\u00e3o caia nessa !!!\" >\n\t\t\tLer mais \u00bb\t\t<\/a>\n\n\t\t\t\t<\/div>\n\t\t\t\t<\/article>\n\t\t\t\t<article class=\"elementor-post elementor-grid-item post-702 post type-post status-publish format-standard has-post-thumbnail hentry category-analise-de-risco category-direito-imobiliario\">\n\t\t\t\t<a class=\"elementor-post__thumbnail__link\" href=\"https:\/\/lucianatrezza.com.br\/index.php\/2026\/01\/26\/por-que-contratar-uma-analise-de-riscos-antes-de-adquirir-um-imovel\/\" >\n\t\t\t<div class=\"elementor-post__thumbnail\"><img loading=\"lazy\" decoding=\"async\" width=\"300\" height=\"200\" src=\"https:\/\/lucianatrezza.com.br\/wp-content\/uploads\/2023\/09\/laptop-office-hand-3196481-300x200.jpg\" class=\"attachment-medium size-medium wp-image-703\" alt=\"laptop, office, hand-3196481.jpg\" srcset=\"https:\/\/lucianatrezza.com.br\/wp-content\/uploads\/2023\/09\/laptop-office-hand-3196481-300x200.jpg 300w, https:\/\/lucianatrezza.com.br\/wp-content\/uploads\/2023\/09\/laptop-office-hand-3196481-1024x682.jpg 1024w, https:\/\/lucianatrezza.com.br\/wp-content\/uploads\/2023\/09\/laptop-office-hand-3196481-768x512.jpg 768w, https:\/\/lucianatrezza.com.br\/wp-content\/uploads\/2023\/09\/laptop-office-hand-3196481.jpg 1280w\" sizes=\"(max-width: 300px) 100vw, 300px\" \/><\/div>\n\t\t<\/a>\n\t\t\t\t<div class=\"elementor-post__text\">\n\t\t\t\t<h3 class=\"elementor-post__title\">\n\t\t\t<a href=\"https:\/\/lucianatrezza.com.br\/index.php\/2026\/01\/26\/por-que-contratar-uma-analise-de-riscos-antes-de-adquirir-um-imovel\/\" >\n\t\t\t\tPor que contratar uma An\u00e1lise de Riscos ANTES de adquirir um im\u00f3vel?\t\t\t<\/a>\n\t\t<\/h3>\n\t\t\t\t<div class=\"elementor-post__excerpt\">\n\t\t\t<p>Seja na aquisi\u00e7\u00e3o feita em uma compra e venda entre pessoas f\u00edsicas, seja atrav\u00e9s de um leil\u00e3o imobili\u00e1rio (em qualquer modalidade), ou mesmo atrav\u00e9s de um neg\u00f3cio que ser\u00e1 entregue em uma data futura, como<\/p>\n\t\t<\/div>\n\t\t\n\t\t<a class=\"elementor-post__read-more\" href=\"https:\/\/lucianatrezza.com.br\/index.php\/2026\/01\/26\/por-que-contratar-uma-analise-de-riscos-antes-de-adquirir-um-imovel\/\" aria-label=\"Read more about Por que contratar uma An\u00e1lise de Riscos ANTES de adquirir um im\u00f3vel?\" >\n\t\t\tLer mais \u00bb\t\t<\/a>\n\n\t\t\t\t<\/div>\n\t\t\t\t<\/article>\n\t\t\t\t<\/div>\n\t\t\n\t\t\t\t\t\t<\/div>\n\t\t\t\t<\/div>\n\t\t\t\t\t<\/div>\n\t\t<\/div>\n\t\t\t\t\t<\/div>\n\t\t<\/section>\n\t\t\t\t<\/div>\n\t\t","protected":false},"excerpt":{"rendered":"<p>Publica\u00e7\u00f5es<\/p>\n","protected":false},"author":1,"featured_media":0,"parent":0,"menu_order":0,"comment_status":"closed","ping_status":"closed","template":"","meta":{"site-sidebar-layout":"no-sidebar","site-content-layout":"page-builder","ast-site-content-layout":"default","site-content-style":"default","site-sidebar-style":"default","ast-global-header-display":"","ast-banner-title-visibility":"","ast-main-header-display":"","ast-hfb-above-header-display":"","ast-hfb-below-header-display":"","ast-hfb-mobile-header-display":"","site-post-title":"disabled","ast-breadcrumbs-content":"","ast-featured-img":"disabled","footer-sml-layout":"","ast-disable-related-posts":"","theme-transparent-header-meta":"","adv-header-id-meta":"","stick-header-meta":"","header-above-stick-meta":"","header-main-stick-meta":"","header-below-stick-meta":"","astra-migrate-meta-layouts":"default","ast-page-background-enabled":"default","ast-page-background-meta":{"desktop":{"background-color":"var(--ast-global-color-4)","background-image":"","background-repeat":"repeat","background-position":"center center","background-size":"auto","background-attachment":"scroll","background-type":"","background-media":"","overlay-type":"","overlay-color":"","overlay-opacity":"","overlay-gradient":""},"tablet":{"background-color":"","background-image":"","background-repeat":"repeat","background-position":"center center","background-size":"auto","background-attachment":"scroll","background-type":"","background-media":"","overlay-type":"","overlay-color":"","overlay-opacity":"","overlay-gradient":""},"mobile":{"background-color":"","background-image":"","background-repeat":"repeat","background-position":"center center","background-size":"auto","background-attachment":"scroll","background-type":"","background-media":"","overlay-type":"","overlay-color":"","overlay-opacity":"","overlay-gradient":""}},"ast-content-background-meta":{"desktop":{"background-color":"var(--ast-global-color-5)","background-image":"","background-repeat":"repeat","background-position":"center center","background-size":"auto","background-attachment":"scroll","background-type":"","background-media":"","overlay-type":"","overlay-color":"","overlay-opacity":"","overlay-gradient":""},"tablet":{"background-color":"var(--ast-global-color-5)","background-image":"","background-repeat":"repeat","background-position":"center center","background-size":"auto","background-attachment":"scroll","background-type":"","background-media":"","overlay-type":"","overlay-color":"","overlay-opacity":"","overlay-gradient":""},"mobile":{"background-color":"var(--ast-global-color-5)","background-image":"","background-repeat":"repeat","background-position":"center center","background-size":"auto","background-attachment":"scroll","background-type":"","background-media":"","overlay-type":"","overlay-color":"","overlay-opacity":"","overlay-gradient":""}},"footnotes":""},"class_list":["post-622","page","type-page","status-publish","hentry"],"_links":{"self":[{"href":"https:\/\/lucianatrezza.com.br\/index.php\/wp-json\/wp\/v2\/pages\/622","targetHints":{"allow":["GET"]}}],"collection":[{"href":"https:\/\/lucianatrezza.com.br\/index.php\/wp-json\/wp\/v2\/pages"}],"about":[{"href":"https:\/\/lucianatrezza.com.br\/index.php\/wp-json\/wp\/v2\/types\/page"}],"author":[{"embeddable":true,"href":"https:\/\/lucianatrezza.com.br\/index.php\/wp-json\/wp\/v2\/users\/1"}],"replies":[{"embeddable":true,"href":"https:\/\/lucianatrezza.com.br\/index.php\/wp-json\/wp\/v2\/comments?post=622"}],"version-history":[{"count":12,"href":"https:\/\/lucianatrezza.com.br\/index.php\/wp-json\/wp\/v2\/pages\/622\/revisions"}],"predecessor-version":[{"id":1004,"href":"https:\/\/lucianatrezza.com.br\/index.php\/wp-json\/wp\/v2\/pages\/622\/revisions\/1004"}],"wp:attachment":[{"href":"https:\/\/lucianatrezza.com.br\/index.php\/wp-json\/wp\/v2\/media?parent=622"}],"curies":[{"name":"wp","href":"https:\/\/api.w.org\/{rel}","templated":true}]}}